{"id":2763,"date":"2015-09-24T09:48:01","date_gmt":"2015-09-24T12:48:01","guid":{"rendered":"http:\/\/maabogados.cl\/home\/"},"modified":"2025-10-07T11:08:06","modified_gmt":"2025-10-07T14:08:06","slug":"home","status":"publish","type":"page","link":"http:\/\/maabogados.cl\/en\/","title":{"rendered":"Home"},"content":{"rendered":"<p>[vc_row][vc_column][rev_slider_vc alias=&#8221;main-slider-1&#8243;][\/vc_column][\/vc_row][vc_row el_id=&#8221;nuestroestudio&#8221;][vc_column][vc_empty_space height=&#8221;95px&#8221;][cms_heading hd_subtitle=&#8221;Our Studio&#8221; hd_title=&#8221;MENA ALESSANDRI &amp; ASOCIADOS&#8221; hd_description=&#8221;Mena Alessandri &amp; Asociados is a law firm specialized in tax advisory for companies and high-net-worth individuals. With a strategic approach, an interdisciplinary team, and a confidential, personalized service, we tackle the most complex legal challenges with excellence.&#8221; hd_view_link=&#8221;url:http%3A%2F%2Fmaabogados.cl%2Fnuestro-estudio%2F|title:Nuestro%20Estudio&#8221; cms_template=&#8221;cms_heading.php&#8221;][\/vc_column][\/vc_row][vc_row][vc_column width=&#8221;1\/2&#8243;][vc_empty_space height=&#8221;64px&#8221;][vc_tta_accordion][vc_tta_section title=&#8221;PURPOSE AND VISION&#8221; tab_id=&#8221;1751932489042-fa78ac64-8e28&#8243;][vc_column_text]<\/p>\n<p align=\"left\"><span style=\"font-family: Calibri, serif;\"><span style=\"font-size: medium;\">Mena Alessandri &amp; Asociados was created with the purpose of providing legal services of excellence, focused mainly on tax and related matters. The firm is distinguished by providing a personalized service, based on trust, confidentiality and a permanent commitment to the needs of each client. It mainly serves companies and high net worth individuals, both in Chile and abroad. <\/span><\/span><\/p>\n<p>[\/vc_column_text][\/vc_tta_section][vc_tta_section title=&#8221;Specialized Services&#8221; tab_id=&#8221;1751932811005-451d88d9-27f6&#8243;][vc_column_text]<\/p>\n<p align=\"left\"><span style=\"font-family: Calibri, serif;\"><span style=\"font-size: medium;\">The firm offers technical and strategic legal advice, with emphasis on tax consulting, corporate and asset reorganization, tax compliance and representation in tax audits.<\/span><\/span><\/p>\n<p>[\/vc_column_text][\/vc_tta_section][\/vc_tta_accordion][\/vc_column][vc_column width=&#8221;1\/2&#8243;][vc_single_image image=&#8221;2370&#8243; img_size=&#8221;full&#8221;][\/vc_column][\/vc_row][vc_row full_width=&#8221;stretch_row&#8221; css=&#8221;.vc_custom_1751943431110{background-image: url(http:\/\/maabogados.cl\/wp-content\/uploads\/2025\/07\/fondo-scaled.jpg?id=2438) !important;background-position: center !important;background-repeat: no-repeat !important;background-size: contain !important;}&#8221;][vc_column][vc_empty_space height=&#8221;95px&#8221;][cms_heading hd_subtitle=&#8221;Our Services&#8221; hd_title=&#8221;PRACTICE AREAS&#8221; cms_template=&#8221;cms_heading.php&#8221;][vc_empty_space height=&#8221;40px&#8221;][vc_row_inner css=&#8221;.vc_custom_1751943329800{background-position: center !important;background-repeat: no-repeat !important;background-size: contain !important;}&#8221;][vc_column_inner width=&#8221;1\/4&#8243;][cms_fancybox_single title_item=&#8221;Tax Consulting and Business Reorganizations&#8221; button_type=&#8221;text&#8221; button_link=&#8221;\/en\/practice\/tax-consulting-and-corporate-reorganizations\/&#8221; button_text=&#8221;Learn More&#8221; cms_fancybox_order_box=&#8221;01&#8243; order_color=&#8221;#c6c6c6&#8243; cms_template=&#8221;cms_fancybox_single.php&#8221; description_item=&#8221;Expert tax and wealth advisory for businesses and families, with strategic solutions in Chile and abroad.&#8221;][\/vc_column_inner][vc_column_inner width=&#8221;1\/4&#8243;][cms_fancybox_single title_item=&#8221;Tax Compliance&#8221; button_type=&#8221;text&#8221; button_link=&#8221;\/en\/practice\/tax-compliance\/&#8221; button_text=&#8221;Learn More&#8221; cms_fancybox_order_box=&#8221;02&#8243; order_color=&#8221;#c6c6c6&#8243; description_item=&#8221;Ongoing tax advisory and expert defense before the Chilean IRS (SII), with a focus on compliance, diagnostics, and complex financial processes.&#8221; cms_template=&#8221;cms_fancybox_single.php&#8221;][\/vc_column_inner][vc_column_inner width=&#8221;1\/4&#8243;][cms_fancybox_single title_item=&#8221;Outsourcing contable&#8221; button_type=&#8221;text&#8221; button_link=&#8221;\/en\/practice\/accounting-outsourcing\/&#8221; button_text=&#8221;Learn More&#8221; cms_fancybox_order_box=&#8221;03&#8243; order_color=&#8221;#c6c6c6&#8243; description_item=&#8221;Accounting outsourcing for efficient management, regulatory compliance, and precise tax planning, tailored to each company.&#8221; cms_template=&#8221;cms_fancybox_single.php&#8221;][\/vc_column_inner][vc_column_inner width=&#8221;1\/4&#8243;][cms_fancybox_single title_item=&#8221;Audit Service before the SII&#8221; button_type=&#8221;text&#8221; button_link=&#8221;\/en\/practice\/audit-service-before-the-sii\/&#8221; button_text=&#8221;Learn More&#8221; cms_fancybox_order_box=&#8221;04&#8243; order_color=&#8221;#c6c6c6&#8243; description_item=&#8221;Defense against arbitrary audits by the SII, legal representation, tax planning, accounting regularization..&#8221; cms_template=&#8221;cms_fancybox_single.php&#8221;][\/vc_column_inner][\/vc_row_inner][vc_empty_space height=&#8221;44px&#8221;][vc_empty_space height=&#8221;90px&#8221;][\/vc_column][\/vc_row][vc_row][vc_column][vc_empty_space height=&#8221;86px&#8221;][cms_heading hd_subtitle=&#8221;Our Team&#8221; hd_title=&#8221;PARTNERS&#8221; hd_view_text=&#8221;VIEW LEGAL TEAM&#8221; hd_view_link=&#8221;url:http%3A%2F%2Fmaabogados.cl%2Fen%2Fteam%2F&#8221; cms_template=&#8221;cms_heading.php&#8221;][vc_empty_space height=&#8221;80px&#8221;][cms_carousel xsmall_items=&#8221;1&#8243; small_items=&#8221;2&#8243; medium_items=&#8221;3&#8243; large_items=&#8221;3&#8243; margin=&#8221;30&#8243; nav=&#8221;false&#8221; dots=&#8221;false&#8221; autoplay=&#8221;false&#8221; center=&#8221;&#8221; source=&#8221;size:3|order_by:menu_order|order:ASC|post_type:attorneys|tax_query:51&#8243; cms_template=&#8221;cms_carousel&#8211;layout-attorneys2.php&#8221;][vc_empty_space height=&#8221;61px&#8221;][\/vc_column][\/vc_row][vc_row full_width=&#8221;stretch_row&#8221; css=&#8221;.vc_custom_1751939095701{background-color: #f6f6f6 !important;}&#8221;][vc_column][vc_empty_space height=&#8221;72px&#8221;][cms_heading hd_subtitle=&#8221;Our&#8221; hd_title=&#8221;PUBLICATIONS&#8221; hd_view_text=&#8221;VIEW ALL PUBLICATIONS&#8221; hd_view_link=&#8221;url:http%3A%2F%2Fmaabogados.cl%2Fpublicaciones%2F|title:VER%20TODAS%20LAS%20PUBLICACIONES&#8221; cms_template=&#8221;cms_heading.php&#8221;][vc_empty_space][cms_carousel xsmall_items=&#8221;1&#8243; small_items=&#8221;2&#8243; medium_items=&#8221;3&#8243; large_items=&#8221;4&#8243; nav=&#8221;false&#8221; dots=&#8221;false&#8221; cms_template=&#8221;cms_carousel&#8211;layout-blog1.php&#8221; source=&#8221;size:10|order_by:date|order:DESC|post_type:post&#8221;][vc_empty_space height=&#8221;72px&#8221;][\/vc_column][\/vc_row][vc_row full_width=&#8221;stretch_row&#8221; css=&#8221;.vc_custom_1759846084269{background-image: url(http:\/\/maabogados.cl\/wp-content\/uploads\/2025\/10\/Form-Contacto.jpg?id=3140) !important;background-position: center !important;background-repeat: no-repeat !important;background-size: cover !important;}&#8221;][vc_column][vc_empty_space height=&#8221;42px&#8221;][vc_row_inner css=&#8221;.vc_custom_1752452553622{padding-top: 20px !important;padding-right: 20px !important;padding-bottom: 20px !important;padding-left: 20px !important;background-color: rgba(0,0,0,0.67) !important;*background-color: rgb(0,0,0) !important;}&#8221; el_class=&#8221;formhome&#8221;][vc_column_inner width=&#8221;1\/2&#8243;][vc_empty_space][cms_heading hd_subtitle=&#8221;Feel free to write to us&#8221; subtitle_color=&#8221;#ffffff&#8221; hd_title=&#8221;CONTACT US&#8221; title_color=&#8221;#ffffff&#8221; cms_template=&#8221;cms_heading&#8211;layout9.php&#8221;][vc_empty_space][vc_raw_html]JTNDc3BhbiUyMGNsYXNzJTNEJTIydGl0bGVmb3JtJTIyJTNFUGhvbmUlM0ElM0MlMkZzcGFuJTNFJTBBJTNDZGl2JTIwY2xhc3MlM0QlMjJwYWdlLWdldC1jb250YWN0JTIyJTNFJTBBJTA5JTNDdWwlM0UlMEElMDklMDklM0NsaSUzRSUzQ2klMjBjbGFzcyUzRCUyMmZhJTIwZmEtcGhvbmUlMjIlM0UlM0MlMkZpJTNFJTI4JTJCNTYlMjklMjAyJTIwMzIzOSUyMDY3MzAlM0MlMkZsaSUzRSUwQSUwOSUzQyUyRnVsJTNFJTBBJTNDJTJGZGl2JTNFJTBBJTNDc3BhbiUyMGNsYXNzJTNEJTIydGl0bGVmb3JtJTIyJTNFRW1haWwlM0ElM0MlMkZzcGFuJTNFJTBBJTNDZGl2JTIwY2xhc3MlM0QlMjJwYWdlLWdldC1jb250YWN0JTIyJTNFJTBBJTA5JTNDdWwlM0UlMEElMDklMDklM0NsaSUzRSUzQ2klMjBjbGFzcyUzRCUyMmZhJTIwZmEtZW52ZWxvcGUlMjIlM0UlM0MlMkZpJTNFY29udGFjdG8lNDBtYWFib2dhZG9zLmNsJTNDJTJGbGklM0UlMEElMDklM0MlMkZ1bCUzRSUwQSUzQyUyRmRpdiUzRSUwQSUzQ3NwYW4lMjBjbGFzcyUzRCUyMnRpdGxlZm9ybSUyMiUzRUxvY2F0aW9uJTNBJTNDJTJGc3BhbiUzRSUwQSUzQ2RpdiUyMGNsYXNzJTNEJTIycGFnZS1nZXQtY29udGFjdCUyMiUzRSUwQSUwOSUzQ3VsJTNFJTBBJTA5JTA5JTNDbGklM0UlM0NpJTIwY2xhc3MlM0QlMjJmYSUyMGZhLW1hcC1tYXJrZXIlMjIlM0UlM0MlMkZpJTNFUm9zYXJpbyUyME5vcnRlJTIwNTU1JTJDJTIwT2ZmaWNlJTIwNjAxJTNDYnIlM0VMYXMlMjBDb25kZXMlMkMlMjBTYW50aWFnbyUyQyUyMENoaWxlJTNDJTJGbGklM0UlMEElMDklM0MlMkZ1bCUzRSUwQSUzQyUyRmRpdiUzRSUwQQ==[\/vc_raw_html][vc_empty_space][\/vc_column_inner][vc_column_inner width=&#8221;1\/2&#8243;][vc_empty_space]\n<div class=\"wpcf7 no-js\" id=\"wpcf7-f2831-o1\" lang=\"en-US\" dir=\"ltr\" data-wpcf7-id=\"2831\">\n<div class=\"screen-reader-response\"><p role=\"status\" aria-live=\"polite\" aria-atomic=\"true\"><\/p> <ul><\/ul><\/div>\n<form action=\"\/en\/wp-json\/wp\/v2\/pages\/2763#wpcf7-f2831-o1\" method=\"post\" class=\"wpcf7-form init\" aria-label=\"Contact form\" novalidate=\"novalidate\" data-status=\"init\">\n<fieldset class=\"hidden-fields-container\"><input type=\"hidden\" name=\"_wpcf7\" value=\"2831\" \/><input type=\"hidden\" name=\"_wpcf7_version\" value=\"6.1.3\" \/><input type=\"hidden\" name=\"_wpcf7_locale\" value=\"en_US\" \/><input type=\"hidden\" name=\"_wpcf7_unit_tag\" value=\"wpcf7-f2831-o1\" \/><input type=\"hidden\" name=\"_wpcf7_container_post\" value=\"0\" \/><input type=\"hidden\" name=\"_wpcf7_posted_data_hash\" value=\"\" \/><input type=\"hidden\" name=\"_wpcf7_recaptcha_response\" value=\"\" \/>\n<\/fieldset>\n<div class=\"form-practice trans\">\n\t<div class=\"row\">\n\t\t<div class=\"col-xs-12 col-sm-12 col-md-12 col-lg-12\">\n\t\t\t<div class=\"wpcf7-form-item\">\n\t\t\t\t<p><span class=\"wpcf7-form-control-wrap\" data-name=\"your-name\"><input size=\"40\" maxlength=\"400\" class=\"wpcf7-form-control wpcf7-text wpcf7-validates-as-required\" aria-required=\"true\" aria-invalid=\"false\" placeholder=\"NAME\" value=\"\" type=\"text\" name=\"your-name\" \/><\/span>\n\t\t\t\t<\/p>\n\t\t\t<\/div>\n\t\t<\/div>\n\t<\/div>\n\t<div class=\"row\">\n\t\t<div class=\"col-xs-12 col-sm-12 col-md-12 col-lg-12\">\n\t\t\t<div class=\"wpcf7-form-item\">\n\t\t\t\t<p><span class=\"wpcf7-form-control-wrap\" data-name=\"your-email\"><input size=\"40\" maxlength=\"400\" class=\"wpcf7-form-control wpcf7-email wpcf7-validates-as-required wpcf7-text wpcf7-validates-as-email\" aria-required=\"true\" aria-invalid=\"false\" placeholder=\"EMAIL\" value=\"\" type=\"email\" name=\"your-email\" \/><\/span>\n\t\t\t\t<\/p>\n\t\t\t<\/div>\n\t\t<\/div>\n\t<\/div>\n\t<div class=\"row\">\n\t\t<div class=\"col-xs-12 col-sm-12 col-md-12 col-lg-12 clearfix\">\n\t\t\t<div class=\"wpcf7-form-item\">\n\t\t\t\t<p><span class=\"wpcf7-form-control-wrap\" data-name=\"your-message\"><textarea cols=\"40\" rows=\"10\" maxlength=\"2000\" class=\"wpcf7-form-control wpcf7-textarea wpcf7-validates-as-required\" aria-required=\"true\" aria-invalid=\"false\" placeholder=\"MESSAGE\" name=\"your-message\"><\/textarea><\/span>\n\t\t\t\t<\/p>\n\t\t\t<\/div>\n\t\t<\/div>\n\t<\/div>\n\t<div class=\"row\">\n\t\t<div class=\"col-xs-12 col-sm-12 col-md-12 col-lg-12\">\n\t\t\t<p><input class=\"wpcf7-form-control wpcf7-submit has-spinner btn btn-primary btn-lg\" type=\"submit\" value=\"SEND MESSAGE\" \/>\n\t\t\t<\/p>\n\t\t<\/div>\n\t<\/div>\n<\/div><div class=\"wpcf7-response-output\" aria-hidden=\"true\"><\/div>\n<\/form>\n<\/div>\n[\/vc_column_inner][\/vc_row_inner][vc_empty_space height=&#8221;42px&#8221;][\/vc_column][\/vc_row][vc_row full_width=&#8221;stretch_row_content_no_spaces&#8221; css=&#8221;.vc_custom_1751942752548{margin-top: 0px !important;margin-right: 0px !important;margin-bottom: 0px !important;margin-left: 0px !important;padding-top: 0px !important;padding-right: 0px !important;padding-bottom: 0px !important;padding-left: 0px !important;}&#8221; el_class=&#8221;mapagoogle&#8221;][vc_column cms_column_class=&#8221;rm-padding-md&#8221; css=&#8221;.vc_custom_1751942700352{margin-top: 0px !important;margin-right: 0px !important;margin-bottom: 0px !important;margin-left: 0px !important;padding-top: 0px !important;padding-right: 0px !important;padding-bottom: 0px !important;padding-left: 0px !important;}&#8221;][vc_gmaps link=&#8221;#E-8_JTIwJTIwJTNDaWZyYW1lJTIwc3JjJTNEJTIyaHR0cHMlM0ElMkYlMkZ3d3cuZ29vZ2xlLmNvbSUyRm1hcHMlMkZlbWJlZCUzRnBiJTNEJTIxMW0xOCUyMTFtMTIlMjExbTMlMjExZDY2NjEuNDI3Mjk5NTUzMjk2JTIxMmQtNzAuNTcyMDYxOSUyMTNkLTMzLjQwNDYzNDA5OTk5OTk5NiUyMTJtMyUyMTFmMCUyMTJmMCUyMTNmMCUyMTNtMiUyMTFpMTAyNCUyMTJpNzY4JTIxNGYxMy4xJTIxM20zJTIxMW0yJTIxMXMweDk2NjJjZWQ4ZTY2ZWZkM2YlMjUzQTB4NmU3MzQyMTdiNzUzZDgyYyUyMTJzUm9zYXJpbyUyNTIwTnRlJTI1MjA1NTUlMjUyQyUyNTIwNzU2MTIxMSUyNTIwTGFzJTI1MjBDb25kZXMlMjUyQyUyNTIwUmVnaSUyNUMzJTI1QjNuJTI1MjBNZXRyb3BvbGl0YW5hJTIxNWUwJTIxM20yJTIxMXNlcyUyMTJzY2wlMjE0djE3NTE5NDIwNDEwNDElMjE1bTIlMjExc2VzJTIxMnNjbCUyNmFtcCUzQmRpc2FibGVEZWZhdWx0VUklM0R0cnVlJTIyJTIwd2lkdGglM0QlMjIxMDAlMjUlMjIlMjBoZWlnaHQlM0QlMjI0NTAlMjIlMjBzdHlsZSUzRCUyMmJvcmRlciUzQTAlM0IlMjBmaWx0ZXIlM0ElMjBncmF5c2NhbGUlMjgxMDAlMjUlMjklM0IlMjIlMjBhbGxvd2Z1bGxzY3JlZW4lM0QlMjIlMjIlMjBsb2FkaW5nJTNEJTIybGF6eSUyMiUyMHJlZmVycmVycG9saWN5JTNEJTIybm8tcmVmZXJyZXItd2hlbi1kb3duZ3JhZGUlMjIlM0UlMEElM0MlMkZpZnJhbWUlM0U=&#8221; css=&#8221;.vc_custom_1751942731856{margin-top: 0px !important;margin-right: 0px !important;margin-bottom: 0px !important;margin-left: 0px !important;border-top-width: 0px !important;border-right-width: 0px !important;border-bottom-width: 0px !important;border-left-width: 0px !important;padding-top: 0px !important;padding-right: 0px !important;padding-bottom: 0px !important;padding-left: 0px !important;}&#8221;][\/vc_column][\/vc_row]<\/p>\n","protected":false},"excerpt":{"rendered":"<p>[vc_row][vc_column][rev_slider_vc alias=&#8221;main-slider-1&#8243;][\/vc_column][\/vc_row][vc_row el_id=&#8221;nuestroestudio&#8221;][vc_column][vc_empty_space height=&#8221;95px&#8221;][cms_heading hd_subtitle=&#8221;Our Studio&#8221; hd_title=&#8221;MENA ALESSANDRI &amp; ASOCIADOS&#8221; hd_description=&#8221;Mena Alessandri &amp; Asociados is a law firm specialized in tax advisory for companies and high-net-worth individuals. With a strategic approach, an interdisciplinary team, and a confidential, personalized service, we tackle the most complex legal challenges with excellence.&#8221; hd_view_link=&#8221;url:http%3A%2F%2Fmaabogados.cl%2Fnuestro-estudio%2F|title:Nuestro%20Estudio&#8221; cms_template=&#8221;cms_heading.php&#8221;][\/vc_column][\/vc_row][vc_row][vc_column width=&#8221;1\/2&#8243;][vc_empty_space height=&#8221;64px&#8221;][vc_tta_accordion][vc_tta_section title=&#8221;PURPOSE AND VISION&#8221; [&hellip;]<\/p>\n","protected":false},"author":1,"featured_media":0,"parent":0,"menu_order":0,"comment_status":"closed","ping_status":"closed","template":"","meta":{"footnotes":"","_links_to":"","_links_to_target":""},"class_list":["post-2763","page","type-page","status-publish","hentry"],"yoast_head":"<!-- This site is optimized with the Yoast SEO plugin v26.2 - https:\/\/yoast.com\/wordpress\/plugins\/seo\/ -->\n<title>Home - Mena | Alessandri \u2013 Abogados<\/title>\n<meta name=\"robots\" content=\"index, follow, max-snippet:-1, max-image-preview:large, max-video-preview:-1\" \/>\n<link rel=\"canonical\" href=\"https:\/\/maabogados.cl\/en\/\" \/>\n<meta property=\"og:locale\" content=\"en_US\" \/>\n<meta property=\"og:type\" content=\"article\" \/>\n<meta property=\"og:title\" content=\"Home - Mena | Alessandri \u2013 Abogados\" \/>\n<meta property=\"og:description\" content=\"[vc_row][vc_column][rev_slider_vc alias=&#8221;main-slider-1&#8243;][\/vc_column][\/vc_row][vc_row el_id=&#8221;nuestroestudio&#8221;][vc_column][vc_empty_space height=&#8221;95px&#8221;][cms_heading hd_subtitle=&#8221;Our Studio&#8221; hd_title=&#8221;MENA ALESSANDRI &amp; ASOCIADOS&#8221; hd_description=&#8221;Mena Alessandri &amp; Asociados is a law firm specialized in tax advisory for companies and high-net-worth individuals. With a strategic approach, an interdisciplinary team, and a confidential, personalized service, we tackle the most complex legal challenges with excellence.&#8221; hd_view_link=&#8221;url:http%3A%2F%2Fmaabogados.cl%2Fnuestro-estudio%2F|title:Nuestro%20Estudio&#8221; cms_template=&#8221;cms_heading.php&#8221;][\/vc_column][\/vc_row][vc_row][vc_column width=&#8221;1\/2&#8243;][vc_empty_space height=&#8221;64px&#8221;][vc_tta_accordion][vc_tta_section title=&#8221;PURPOSE AND VISION&#8221; [&hellip;]\" \/>\n<meta property=\"og:url\" content=\"https:\/\/maabogados.cl\/en\/\" \/>\n<meta property=\"og:site_name\" content=\"Mena | Alessandri \u2013 Abogados\" \/>\n<meta property=\"article:modified_time\" content=\"2025-10-07T14:08:06+00:00\" \/>\n<meta name=\"twitter:card\" content=\"summary_large_image\" \/>\n<meta name=\"twitter:label1\" content=\"Est. reading time\" \/>\n\t<meta name=\"twitter:data1\" content=\"6 minutes\" \/>\n<script type=\"application\/ld+json\" class=\"yoast-schema-graph\">{\"@context\":\"https:\/\/schema.org\",\"@graph\":[{\"@type\":\"WebPage\",\"@id\":\"https:\/\/maabogados.cl\/en\/\",\"url\":\"https:\/\/maabogados.cl\/en\/\",\"name\":\"Home - Mena | Alessandri \u2013 Abogados\",\"isPartOf\":{\"@id\":\"https:\/\/maabogados.cl\/#website\"},\"datePublished\":\"2015-09-24T12:48:01+00:00\",\"dateModified\":\"2025-10-07T14:08:06+00:00\",\"breadcrumb\":{\"@id\":\"https:\/\/maabogados.cl\/en\/#breadcrumb\"},\"inLanguage\":\"en-US\",\"potentialAction\":[{\"@type\":\"ReadAction\",\"target\":[\"https:\/\/maabogados.cl\/en\/\"]}]},{\"@type\":\"BreadcrumbList\",\"@id\":\"https:\/\/maabogados.cl\/en\/#breadcrumb\",\"itemListElement\":[{\"@type\":\"ListItem\",\"position\":1,\"name\":\"Portada\",\"item\":\"https:\/\/maabogados.cl\/en\/\"},{\"@type\":\"ListItem\",\"position\":2,\"name\":\"Home\"}]},{\"@type\":\"WebSite\",\"@id\":\"https:\/\/maabogados.cl\/#website\",\"url\":\"https:\/\/maabogados.cl\/\",\"name\":\"Mena | Alessandri \u2013 Abogados\",\"description\":\"Mena Alessandri &amp; Asociados es un estudio especializado en asesor\u00eda tributaria para empresas y personas de alto patrimonio.  Con una mirada estrat\u00e9gica, un equipo interdisciplinario y un servicio confidencial y personalizado, abordamos con excelencia los desaf\u00edos legales m\u00e1s complejos.\",\"potentialAction\":[{\"@type\":\"SearchAction\",\"target\":{\"@type\":\"EntryPoint\",\"urlTemplate\":\"https:\/\/maabogados.cl\/?s={search_term_string}\"},\"query-input\":{\"@type\":\"PropertyValueSpecification\",\"valueRequired\":true,\"valueName\":\"search_term_string\"}}],\"inLanguage\":\"en-US\"}]}<\/script>\n<!-- \/ Yoast SEO plugin. -->","yoast_head_json":{"title":"Home - Mena | Alessandri \u2013 Abogados","robots":{"index":"index","follow":"follow","max-snippet":"max-snippet:-1","max-image-preview":"max-image-preview:large","max-video-preview":"max-video-preview:-1"},"canonical":"https:\/\/maabogados.cl\/en\/","og_locale":"en_US","og_type":"article","og_title":"Home - Mena | Alessandri \u2013 Abogados","og_description":"[vc_row][vc_column][rev_slider_vc alias=&#8221;main-slider-1&#8243;][\/vc_column][\/vc_row][vc_row el_id=&#8221;nuestroestudio&#8221;][vc_column][vc_empty_space height=&#8221;95px&#8221;][cms_heading hd_subtitle=&#8221;Our Studio&#8221; hd_title=&#8221;MENA ALESSANDRI &amp; ASOCIADOS&#8221; hd_description=&#8221;Mena Alessandri &amp; Asociados is a law firm specialized in tax advisory for companies and high-net-worth individuals. With a strategic approach, an interdisciplinary team, and a confidential, personalized service, we tackle the most complex legal challenges with excellence.&#8221; hd_view_link=&#8221;url:http%3A%2F%2Fmaabogados.cl%2Fnuestro-estudio%2F|title:Nuestro%20Estudio&#8221; cms_template=&#8221;cms_heading.php&#8221;][\/vc_column][\/vc_row][vc_row][vc_column width=&#8221;1\/2&#8243;][vc_empty_space height=&#8221;64px&#8221;][vc_tta_accordion][vc_tta_section title=&#8221;PURPOSE AND VISION&#8221; [&hellip;]","og_url":"https:\/\/maabogados.cl\/en\/","og_site_name":"Mena | Alessandri \u2013 Abogados","article_modified_time":"2025-10-07T14:08:06+00:00","twitter_card":"summary_large_image","twitter_misc":{"Est. reading time":"6 minutes"},"schema":{"@context":"https:\/\/schema.org","@graph":[{"@type":"WebPage","@id":"https:\/\/maabogados.cl\/en\/","url":"https:\/\/maabogados.cl\/en\/","name":"Home - Mena | Alessandri \u2013 Abogados","isPartOf":{"@id":"https:\/\/maabogados.cl\/#website"},"datePublished":"2015-09-24T12:48:01+00:00","dateModified":"2025-10-07T14:08:06+00:00","breadcrumb":{"@id":"https:\/\/maabogados.cl\/en\/#breadcrumb"},"inLanguage":"en-US","potentialAction":[{"@type":"ReadAction","target":["https:\/\/maabogados.cl\/en\/"]}]},{"@type":"BreadcrumbList","@id":"https:\/\/maabogados.cl\/en\/#breadcrumb","itemListElement":[{"@type":"ListItem","position":1,"name":"Portada","item":"https:\/\/maabogados.cl\/en\/"},{"@type":"ListItem","position":2,"name":"Home"}]},{"@type":"WebSite","@id":"https:\/\/maabogados.cl\/#website","url":"https:\/\/maabogados.cl\/","name":"Mena | Alessandri \u2013 Abogados","description":"Mena Alessandri &amp; Asociados es un estudio especializado en asesor\u00eda tributaria para empresas y personas de alto patrimonio.  Con una mirada estrat\u00e9gica, un equipo interdisciplinario y un servicio confidencial y personalizado, abordamos con excelencia los desaf\u00edos legales m\u00e1s complejos.","potentialAction":[{"@type":"SearchAction","target":{"@type":"EntryPoint","urlTemplate":"https:\/\/maabogados.cl\/?s={search_term_string}"},"query-input":{"@type":"PropertyValueSpecification","valueRequired":true,"valueName":"search_term_string"}}],"inLanguage":"en-US"}]}},"_links":{"self":[{"href":"http:\/\/maabogados.cl\/en\/wp-json\/wp\/v2\/pages\/2763","targetHints":{"allow":["GET"]}}],"collection":[{"href":"http:\/\/maabogados.cl\/en\/wp-json\/wp\/v2\/pages"}],"about":[{"href":"http:\/\/maabogados.cl\/en\/wp-json\/wp\/v2\/types\/page"}],"author":[{"embeddable":true,"href":"http:\/\/maabogados.cl\/en\/wp-json\/wp\/v2\/users\/1"}],"replies":[{"embeddable":true,"href":"http:\/\/maabogados.cl\/en\/wp-json\/wp\/v2\/comments?post=2763"}],"version-history":[{"count":43,"href":"http:\/\/maabogados.cl\/en\/wp-json\/wp\/v2\/pages\/2763\/revisions"}],"predecessor-version":[{"id":3143,"href":"http:\/\/maabogados.cl\/en\/wp-json\/wp\/v2\/pages\/2763\/revisions\/3143"}],"wp:attachment":[{"href":"http:\/\/maabogados.cl\/en\/wp-json\/wp\/v2\/media?parent=2763"}],"curies":[{"name":"wp","href":"https:\/\/api.w.org\/{rel}","templated":true}]}}